{"id":174,"date":"2020-01-30T09:28:53","date_gmt":"2020-01-30T08:28:53","guid":{"rendered":"https:\/\/demosites.io\/architecture-gb\/?page_id=174"},"modified":"2023-03-09T14:01:09","modified_gmt":"2023-03-09T13:01:09","slug":"home","status":"publish","type":"page","link":"https:\/\/www.alliances-celestes-internationales.com\/","title":{"rendered":"Accueil"},"content":{"rendered":"\n<div id=\"wp-block-themeisle-blocks-advanced-columns-17417fc2\" class=\"wp-block-themeisle-blocks-advanced-columns alignfull has-1-columns has-desktop-equal-layout has-tablet-equal-layout has-mobile-equal-layout has-vertical-unset\"><div class=\"wp-block-themeisle-blocks-advanced-columns-overlay\"><\/div><div class=\"innerblocks-wrap\">\n<div id=\"wp-block-themeisle-blocks-advanced-column-14a56319\" class=\"wp-block-themeisle-blocks-advanced-column\"><div class=\"wp-block-image animated bounce delay-1s\">\n<figure class=\"aligncenter size-medium\"><img loading=\"lazy\" decoding=\"async\" width=\"300\" height=\"295\" src=\"https:\/\/www.alliances-celestes-internationales.com\/wp-content\/uploads\/2022\/02\/logo-aci-300x295.png\" alt=\"\" class=\"wp-image-10\" srcset=\"https:\/\/www.alliances-celestes-internationales.com\/wp-content\/uploads\/2022\/02\/logo-aci-300x295.png 300w, https:\/\/www.alliances-celestes-internationales.com\/wp-content\/uploads\/2022\/02\/logo-aci-1024x1006.png 1024w, https:\/\/www.alliances-celestes-internationales.com\/wp-content\/uploads\/2022\/02\/logo-aci-768x755.png 768w, https:\/\/www.alliances-celestes-internationales.com\/wp-content\/uploads\/2022\/02\/logo-aci.png 1280w\" sizes=\"auto, (max-width: 300px) 100vw, 300px\" \/><\/figure>\n<\/div>\n\n\n<h1 id=\"wp-block-themeisle-blocks-advanced-heading-7219cdff\" class=\"wp-block-themeisle-blocks-advanced-heading wp-block-themeisle-blocks-advanced-heading-7219cdff\">Alliances <\/h1>\n\n\n\n<h1 id=\"wp-block-themeisle-blocks-advanced-heading-0a9c6cda\" class=\"wp-block-themeisle-blocks-advanced-heading wp-block-themeisle-blocks-advanced-heading-0a9c6cda\">C\u00c9LEStes<\/h1>\n\n\n\n<h1 id=\"wp-block-themeisle-blocks-advanced-heading-3856b8b9\" class=\"wp-block-themeisle-blocks-advanced-heading wp-block-themeisle-blocks-advanced-heading-3856b8b9\">Internationales<\/h1>\n\n\n\n<p class=\"has-text-align-center has-nv-text-dark-bg-color has-text-color\" style=\"font-size:22px\">Une ONG unique au monde, qui s&rsquo;inscrit dans le d\u00e9roulement du vaste plan de l&rsquo;univers !<\/p>\n<\/div>\n<\/div><\/div>\n\n\n\n<section id=\"wp-block-themeisle-blocks-advanced-columns-335a2f03\" class=\"wp-block-themeisle-blocks-advanced-columns alignfull has-1-columns has-desktop-equal-layout has-tablet-equal-layout has-mobile-equal-layout has-vertical-flex-start has-dark-bg\"><div class=\"wp-block-themeisle-blocks-advanced-columns-overlay\"><\/div><div class=\"innerblocks-wrap\">\n<div id=\"wp-block-themeisle-blocks-advanced-column-5d90343f\" class=\"wp-block-themeisle-blocks-advanced-column\">\n<section id=\"wp-block-themeisle-blocks-advanced-columns-b2ead1d6\" class=\"wp-block-themeisle-blocks-advanced-columns has-2-columns has-desktop-equal-layout has-tablet-equal-layout has-mobile-collapsedRows-layout has-vertical-center\"><div class=\"wp-block-themeisle-blocks-advanced-columns-overlay\"><\/div><div class=\"innerblocks-wrap\">\n<div id=\"wp-block-themeisle-blocks-advanced-column-7c705a1c\" class=\"wp-block-themeisle-blocks-advanced-column\">\n<h6 id=\"wp-block-themeisle-blocks-advanced-heading-a1b00887\" class=\"wp-block-themeisle-blocks-advanced-heading wp-block-themeisle-blocks-advanced-heading-a1b00887\">A propos de nous<\/h6>\n\n\n\n<h2 class=\"has-nv-text-dark-bg-color has-text-color wp-block-heading\" id=\"une-ong-unique-au-monde-qui-s-inscrit-dans-le-deroulement-du-vaste-plan-de-l-univers\">Une ONG unique au monde, qui s&rsquo;inscrit dans le d\u00e9roulement du vaste plan de l&rsquo;univers !<\/h2>\n\n\n\n<p class=\"has-nv-text-dark-bg-color has-text-color\">L\u2019organisation Alliances C\u00e9lestes Internationales a pour but de promouvoir une strat\u00e9gie s\u00e9rieuse des relations pr\u00e9visibles entre des humains terrestres et des membres de civilisations de nature exobiologique afin de faire profiter les deux parties d\u2019une entraide de nature humanitaire, philosophique, m\u00e9dicale, \u00e9nerg\u00e9tique et technologique sous l\u2019\u00e9gide d\u2019une m\u00e9diation \u00e9quitable et efficace.<\/p>\n\n\n\n<p class=\"has-nv-text-dark-bg-color has-text-color\">Cette action de m\u00e9diation pourra aboutir, \u00e0 terme, \u00e0 l\u2019unification de tous les peuples de la plan\u00e8te Terre.<\/p>\n\n\n\n<p class=\"has-nv-text-dark-bg-color has-text-color\">Cette m\u00e9diation sera d\u00e9velopp\u00e9e et d\u00e9ploy\u00e9e \u00e0 l\u2019aide de conf\u00e9rences, ateliers, r\u00e9unions, voyages, congr\u00e8s, sorties sur le terrain et par tous les autres moyens appropri\u00e9s.<\/p>\n<\/div>\n\n\n\n<div id=\"wp-block-themeisle-blocks-advanced-column-5f9a9ec0\" class=\"wp-block-themeisle-blocks-advanced-column\"><div class=\"wp-block-image is-style-default\">\n<figure class=\"alignright size-full\"><img loading=\"lazy\" decoding=\"async\" width=\"444\" height=\"720\" src=\"https:\/\/www.alliances-celestes-internationales.com\/wp-content\/uploads\/2022\/02\/12377604.jpeg\" alt=\"\" class=\"wp-image-447\" srcset=\"https:\/\/www.alliances-celestes-internationales.com\/wp-content\/uploads\/2022\/02\/12377604.jpeg 444w, https:\/\/www.alliances-celestes-internationales.com\/wp-content\/uploads\/2022\/02\/12377604-185x300.jpeg 185w, https:\/\/www.alliances-celestes-internationales.com\/wp-content\/uploads\/2022\/02\/12377604-7x12.jpeg 7w\" sizes=\"auto, (max-width: 444px) 100vw, 444px\" \/><\/figure>\n<\/div><\/div>\n<\/div><\/section>\n<\/div>\n<\/div><\/section>\n\n\n\n<section id=\"wp-block-themeisle-blocks-advanced-columns-335f83c2\" class=\"wp-block-themeisle-blocks-advanced-columns alignfull has-1-columns has-desktop-equal-layout has-tablet-equal-layout has-mobile-equal-layout has-vertical-flex-start\"><div class=\"wp-block-themeisle-blocks-advanced-columns-overlay\"><\/div><div class=\"innerblocks-wrap\">\n<div id=\"wp-block-themeisle-blocks-advanced-column-68edfc4d\" class=\"wp-block-themeisle-blocks-advanced-column\">\n<section id=\"wp-block-themeisle-blocks-advanced-columns-a4973754\" class=\"wp-block-themeisle-blocks-advanced-columns has-2-columns has-desktop-equal-layout has-tablet-equal-layout has-mobile-collapsedRows-layout has-vertical-center\"><div class=\"wp-block-themeisle-blocks-advanced-columns-overlay\"><\/div><div class=\"innerblocks-wrap\">\n<div id=\"wp-block-themeisle-blocks-advanced-column-a2cf8d3d\" class=\"wp-block-themeisle-blocks-advanced-column\">\n<p><\/p>\n\n\n\n<h2 class=\"has-nv-text-dark-bg-color has-text-color wp-block-heading\" id=\"une-ong-unique-au-monde-qui-s-inscrit-dans-le-deroulement-du-vaste-plan-de-l-univers\">france<\/h2>\n\n\n\n<p class=\"has-nv-site-bg-color has-text-color\"><a href=\"https:\/\/www.alliances-celestes.com\/\" target=\"_blank\" rel=\"noreferrer noopener\">Acc\u00e9der au Site Internet d&rsquo;Alliances C\u00e9lestes France<\/a><\/p>\n\n\n\n<h6 class=\"has-nv-site-bg-color has-text-color wp-block-heading\"><em>ou Cliquer sur le drapeau<\/em><\/h6>\n<\/div>\n\n\n\n<div id=\"wp-block-themeisle-blocks-advanced-column-beac64f0\" class=\"wp-block-themeisle-blocks-advanced-column\">\n<figure class=\"wp-block-image size-full is-resized\"><a href=\"https:\/\/www.alliances-celestes.com\/\"><img loading=\"lazy\" decoding=\"async\" src=\"https:\/\/www.alliances-celestes-internationales.com\/wp-content\/uploads\/2023\/03\/france-flag-14.gif\" alt=\"\" class=\"wp-image-489\" width=\"203\" height=\"146\"\/><\/a><\/figure>\n<\/div>\n<\/div><\/section>\n<\/div>\n<\/div><\/section>\n","protected":false},"excerpt":{"rendered":"","protected":false},"author":3,"featured_media":0,"parent":0,"menu_order":0,"comment_status":"closed","ping_status":"closed","template":"page-templates\/template-pagebuilder-full-width.php","meta":{"neve_meta_sidebar":"full-width","neve_meta_container":"full-width","neve_meta_enable_content_width":"on","neve_meta_content_width":100,"neve_meta_title_alignment":"center","neve_meta_author_avatar":"","neve_post_elements_order":"","neve_meta_disable_header":"","neve_meta_disable_footer":"","neve_meta_disable_title":"","_themeisle_gutenberg_block_has_review":false,"footnotes":""},"class_list":["post-174","page","type-page","status-publish","hentry"],"_links":{"self":[{"href":"https:\/\/www.alliances-celestes-internationales.com\/index.php\/wp-json\/wp\/v2\/pages\/174","targetHints":{"allow":["GET"]}}],"collection":[{"href":"https:\/\/www.alliances-celestes-internationales.com\/index.php\/wp-json\/wp\/v2\/pages"}],"about":[{"href":"https:\/\/www.alliances-celestes-internationales.com\/index.php\/wp-json\/wp\/v2\/types\/page"}],"author":[{"embeddable":true,"href":"https:\/\/www.alliances-celestes-internationales.com\/index.php\/wp-json\/wp\/v2\/users\/3"}],"replies":[{"embeddable":true,"href":"https:\/\/www.alliances-celestes-internationales.com\/index.php\/wp-json\/wp\/v2\/comments?post=174"}],"version-history":[{"count":35,"href":"https:\/\/www.alliances-celestes-internationales.com\/index.php\/wp-json\/wp\/v2\/pages\/174\/revisions"}],"predecessor-version":[{"id":492,"href":"https:\/\/www.alliances-celestes-internationales.com\/index.php\/wp-json\/wp\/v2\/pages\/174\/revisions\/492"}],"wp:attachment":[{"href":"https:\/\/www.alliances-celestes-internationales.com\/index.php\/wp-json\/wp\/v2\/media?parent=174"}],"curies":[{"name":"wp","href":"https:\/\/api.w.org\/{rel}","templated":true}]}}